{"id":29265,"date":"2026-02-04T14:06:37","date_gmt":"2026-02-04T11:06:37","guid":{"rendered":"https:\/\/ferfry.com\/?post_type=product&#038;p=29265"},"modified":"2026-02-04T14:54:16","modified_gmt":"2026-02-04T11:54:16","slug":"ferfry-classic-plus-kabuklu-9-mm-duz-kesim-patates-kizartmasi","status":"publish","type":"product","link":"https:\/\/ferfry.com\/en\/product\/ferfry-classic-plus-kabuklu-9-mm-duz-kesim-patates-kizartmasi\/","title":{"rendered":"Ferfry Classic Plus Kabuklu 9 mm D\u00fcz Kesim Patates K\u0131zartmas\u0131"},"content":{"rendered":"<div data-elementor-type=\"wp-post\" data-elementor-id=\"29265\" class=\"elementor elementor-29265\">\n\t\t\t\t<div class=\"elementor-element elementor-element-997cfae e-flex e-con-boxed e-con e-parent\" data-id=\"997cfae\" data-element_type=\"container\" data-e-type=\"container\">\n\t\t\t\t\t<div class=\"e-con-inner\">\n\t\t<div class=\"elementor-element elementor-element-67d4c92 e-con-full e-flex e-con e-child\" data-id=\"67d4c92\" data-element_type=\"container\" data-e-type=\"container\">\n\t\t\t\t<div class=\"elementor-element elementor-element-ebb40a2 elementor-widget elementor-widget-wd_text_block\" data-id=\"ebb40a2\" data-element_type=\"widget\" data-e-type=\"widget\" data-widget_type=\"wd_text_block.default\">\n\t\t\t\t<div class=\"elementor-widget-container\">\n\t\t\t\t\t\t\t<div class=\"wd-text-block reset-last-child text-left\">\n\t\t\t\n\t\t\t<p>Ferfry Classic Plus Kabuklu 9 mm D\u00fcz Kesim Patates K\u0131zartmas\u0131, kabu\u011fu ile birlikte \u00f6zenle se\u00e7ilmi\u015f patateslerden \u00fcretilmi\u015f, klasik d\u00fcz kesim formuyla her defas\u0131nda e\u015fit ve dengeli pi\u015firme sa\u011flar. Alt\u0131n sar\u0131s\u0131 d\u0131\u015f y\u00fczeyi ve yumu\u015fak i\u00e7 dokusu ile burger, sandvi\u00e7 ve di\u011fer yan \u00fcr\u00fcnlerin yan\u0131nda m\u00fckemmel uyum sunar. Dondurulmu\u015f, kullan\u0131ma haz\u0131r yap\u0131s\u0131 sayesinde frit\u00f6z, f\u0131r\u0131n veya airfryer\u2019da kolayca haz\u0131rlanabilir \u2014 profesyonel mutfaklar ve ev kullan\u0131m\u0131 i\u00e7in ideal bir lezzet \u00e7\u00f6z\u00fcm\u00fcd\u00fcr.<\/p>\n\t\t\t\t\t<\/div>\n\t\t\t\t\t\t<\/div>\n\t\t\t\t<\/div>\n\t\t\t\t<\/div>\n\t\t\t\t\t<\/div>\n\t\t\t\t<\/div>\n\t\t\t\t<\/div>","protected":false},"excerpt":{"rendered":"<p>Ferfry Classic Plus Kabuklu 9 mm D\u00fcz Kesim Patates K\u0131zartmas\u0131, kabu\u011fu ile birlikte \u00f6zenle se\u00e7ilmi\u015f patateslerden \u00fcretilmi\u015f, klasik d\u00fcz kesim<\/p>","protected":false},"featured_media":29281,"comment_status":"open","ping_status":"closed","template":"","meta":[],"product_brand":[],"product_cat":[76],"product_tag":[],"class_list":{"0":"post-29265","1":"product","2":"type-product","3":"status-publish","4":"has-post-thumbnail","6":"product_cat-ferfry-classic-plus","8":"first","9":"instock","10":"shipping-taxable","11":"product-type-simple"},"_links":{"self":[{"href":"https:\/\/ferfry.com\/en\/wp-json\/wp\/v2\/product\/29265","targetHints":{"allow":["GET"]}}],"collection":[{"href":"https:\/\/ferfry.com\/en\/wp-json\/wp\/v2\/product"}],"about":[{"href":"https:\/\/ferfry.com\/en\/wp-json\/wp\/v2\/types\/product"}],"replies":[{"embeddable":true,"href":"https:\/\/ferfry.com\/en\/wp-json\/wp\/v2\/comments?post=29265"}],"version-history":[{"count":5,"href":"https:\/\/ferfry.com\/en\/wp-json\/wp\/v2\/product\/29265\/revisions"}],"predecessor-version":[{"id":29282,"href":"https:\/\/ferfry.com\/en\/wp-json\/wp\/v2\/product\/29265\/revisions\/29282"}],"wp:featuredmedia":[{"embeddable":true,"href":"https:\/\/ferfry.com\/en\/wp-json\/wp\/v2\/media\/29281"}],"wp:attachment":[{"href":"https:\/\/ferfry.com\/en\/wp-json\/wp\/v2\/media?parent=29265"}],"wp:term":[{"taxonomy":"product_brand","embeddable":true,"href":"https:\/\/ferfry.com\/en\/wp-json\/wp\/v2\/product_brand?post=29265"},{"taxonomy":"product_cat","embeddable":true,"href":"https:\/\/ferfry.com\/en\/wp-json\/wp\/v2\/product_cat?post=29265"},{"taxonomy":"product_tag","embeddable":true,"href":"https:\/\/ferfry.com\/en\/wp-json\/wp\/v2\/product_tag?post=29265"}],"curies":[{"name":"wp","href":"https:\/\/api.w.org\/{rel}","templated":true}]}}