{"id":29275,"date":"2026-02-04T14:09:18","date_gmt":"2026-02-04T11:09:18","guid":{"rendered":"https:\/\/ferfry.com\/?post_type=product&#038;p=29275"},"modified":"2026-02-04T14:54:30","modified_gmt":"2026-02-04T11:54:30","slug":"ferfry-classic-plus-9-mm-duz-kesim-patates-kizartmasi","status":"publish","type":"product","link":"https:\/\/ferfry.com\/en\/product\/ferfry-classic-plus-9-mm-duz-kesim-patates-kizartmasi\/","title":{"rendered":"Ferfry Classic Plus 9 mm D\u00fcz Kesim Patates K\u0131zartmas\u0131"},"content":{"rendered":"<div data-elementor-type=\"wp-post\" data-elementor-id=\"29275\" class=\"elementor elementor-29275\">\n\t\t\t\t<div class=\"elementor-element elementor-element-997cfae e-flex e-con-boxed e-con e-parent\" data-id=\"997cfae\" data-element_type=\"container\" data-e-type=\"container\">\n\t\t\t\t\t<div class=\"e-con-inner\">\n\t\t<div class=\"elementor-element elementor-element-67d4c92 e-con-full e-flex e-con e-child\" data-id=\"67d4c92\" data-element_type=\"container\" data-e-type=\"container\">\n\t\t\t\t<div class=\"elementor-element elementor-element-ebb40a2 elementor-widget elementor-widget-wd_text_block\" data-id=\"ebb40a2\" data-element_type=\"widget\" data-e-type=\"widget\" data-widget_type=\"wd_text_block.default\">\n\t\t\t\t<div class=\"elementor-widget-container\">\n\t\t\t\t\t\t\t<div class=\"wd-text-block reset-last-child text-left\">\n\t\t\t\n\t\t\t<p>Ferfry Classic Plus 9 mm D\u00fcz Kesim Patates K\u0131zartmas\u0131, \u00f6zenle se\u00e7ilmi\u015f kaliteli patateslerden \u00fcretilmi\u015f klasik stil k\u0131zartmad\u0131r. 9 mm\u2019lik ideal kal\u0131nl\u0131\u011f\u0131 ve d\u00fcz kesim formu sayesinde d\u0131\u015f\u0131 alt\u0131n sar\u0131s\u0131 ve \u00e7\u0131t\u0131r, i\u00e7i ise yumu\u015fak dokusunu korur. Dondurulmu\u015f ve haz\u0131r yap\u0131s\u0131 ile frit\u00f6z, f\u0131r\u0131n veya airfryer\u2019da pratik ve h\u0131zl\u0131 pi\u015firme imk\u00e2n\u0131 sunar. Burgerler, sandvi\u00e7ler ve geni\u015f men\u00fc kombinasyonlar\u0131 ile m\u00fckemmel uyum sa\u011flar \u2014 profesyonel mutfaklar ve ev kullan\u0131m\u0131na uygun lezzetli bir yan \u00fcr\u00fcn se\u00e7ene\u011fidir.<\/p>\n\t\t\t\t\t<\/div>\n\t\t\t\t\t\t<\/div>\n\t\t\t\t<\/div>\n\t\t\t\t<\/div>\n\t\t\t\t\t<\/div>\n\t\t\t\t<\/div>\n\t\t\t\t<\/div>","protected":false},"excerpt":{"rendered":"<p>Ferfry Classic Plus 9 mm D\u00fcz Kesim Patates K\u0131zartmas\u0131, \u00f6zenle se\u00e7ilmi\u015f kaliteli patateslerden \u00fcretilmi\u015f klasik stil k\u0131zartmad\u0131r. 9 mm\u2019lik ideal<\/p>","protected":false},"featured_media":29266,"comment_status":"open","ping_status":"closed","template":"","meta":[],"product_brand":[],"product_cat":[76],"product_tag":[],"class_list":{"0":"post-29275","1":"product","2":"type-product","3":"status-publish","4":"has-post-thumbnail","6":"product_cat-ferfry-classic-plus","8":"first","9":"instock","10":"shipping-taxable","11":"product-type-simple"},"_links":{"self":[{"href":"https:\/\/ferfry.com\/en\/wp-json\/wp\/v2\/product\/29275","targetHints":{"allow":["GET"]}}],"collection":[{"href":"https:\/\/ferfry.com\/en\/wp-json\/wp\/v2\/product"}],"about":[{"href":"https:\/\/ferfry.com\/en\/wp-json\/wp\/v2\/types\/product"}],"replies":[{"embeddable":true,"href":"https:\/\/ferfry.com\/en\/wp-json\/wp\/v2\/comments?post=29275"}],"version-history":[{"count":6,"href":"https:\/\/ferfry.com\/en\/wp-json\/wp\/v2\/product\/29275\/revisions"}],"predecessor-version":[{"id":29411,"href":"https:\/\/ferfry.com\/en\/wp-json\/wp\/v2\/product\/29275\/revisions\/29411"}],"wp:featuredmedia":[{"embeddable":true,"href":"https:\/\/ferfry.com\/en\/wp-json\/wp\/v2\/media\/29266"}],"wp:attachment":[{"href":"https:\/\/ferfry.com\/en\/wp-json\/wp\/v2\/media?parent=29275"}],"wp:term":[{"taxonomy":"product_brand","embeddable":true,"href":"https:\/\/ferfry.com\/en\/wp-json\/wp\/v2\/product_brand?post=29275"},{"taxonomy":"product_cat","embeddable":true,"href":"https:\/\/ferfry.com\/en\/wp-json\/wp\/v2\/product_cat?post=29275"},{"taxonomy":"product_tag","embeddable":true,"href":"https:\/\/ferfry.com\/en\/wp-json\/wp\/v2\/product_tag?post=29275"}],"curies":[{"name":"wp","href":"https:\/\/api.w.org\/{rel}","templated":true}]}}