{"id":29291,"date":"2026-02-04T14:18:44","date_gmt":"2026-02-04T11:18:44","guid":{"rendered":"https:\/\/ferfry.com\/?post_type=product&#038;p=29291"},"modified":"2026-02-04T16:02:09","modified_gmt":"2026-02-04T13:02:09","slug":"ferfry-classic-plus-1-8-elma-dilim-patates-kizartmasi","status":"publish","type":"product","link":"https:\/\/ferfry.com\/en\/product\/ferfry-classic-plus-1-8-elma-dilim-patates-kizartmasi\/","title":{"rendered":"Ferfry Classic Plus 1\/8 Elma Dilim Patates K\u0131zartmas\u0131"},"content":{"rendered":"<div data-elementor-type=\"wp-post\" data-elementor-id=\"29291\" class=\"elementor elementor-29291\">\n\t\t\t\t<div class=\"elementor-element elementor-element-997cfae e-flex e-con-boxed e-con e-parent\" data-id=\"997cfae\" data-element_type=\"container\" data-e-type=\"container\">\n\t\t\t\t\t<div class=\"e-con-inner\">\n\t\t<div class=\"elementor-element elementor-element-67d4c92 e-con-full e-flex e-con e-child\" data-id=\"67d4c92\" data-element_type=\"container\" data-e-type=\"container\">\n\t\t\t\t<div class=\"elementor-element elementor-element-ebb40a2 elementor-widget elementor-widget-wd_text_block\" data-id=\"ebb40a2\" data-element_type=\"widget\" data-e-type=\"widget\" data-widget_type=\"wd_text_block.default\">\n\t\t\t\t<div class=\"elementor-widget-container\">\n\t\t\t\t\t\t\t<div class=\"wd-text-block reset-last-child text-left\">\n\t\t\t\n\t\t\t<p>Ferfry Classic Plus 1\/8 Elma Dilim Patates K\u0131zartmas\u0131, kal\u0131n ve dolgun dilimleriyle doyurucu bir lezzet sunar. \u00d6zenle se\u00e7ilmi\u015f patateslerden \u00fcretilen elma dilim formu sayesinde d\u0131\u015f\u0131 \u00e7\u0131t\u0131r, i\u00e7i ise yumu\u015fak ve kremams\u0131 bir dokuya sahiptir. 1\/8 kesimi ile \u00f6zellikle et yemekleri, \u0131zgaralar ve tabak sunumlar\u0131yla m\u00fckemmel uyum sa\u011flar. Dondurulmu\u015f ve kullan\u0131ma haz\u0131r yap\u0131s\u0131 sayesinde frit\u00f6z, f\u0131r\u0131n veya airfryer\u2019da kolayca haz\u0131rlan\u0131r; profesyonel mutfaklar ve ev kullan\u0131m\u0131 i\u00e7in ideal bir yan \u00fcr\u00fcnd\u00fcr.<\/p>\n\t\t\t\t\t<\/div>\n\t\t\t\t\t\t<\/div>\n\t\t\t\t<\/div>\n\t\t\t\t<\/div>\n\t\t\t\t\t<\/div>\n\t\t\t\t<\/div>\n\t\t\t\t<\/div>","protected":false},"excerpt":{"rendered":"<p>Ferfry Classic Plus 1\/8 Elma Dilim Patates K\u0131zartmas\u0131, kal\u0131n ve dolgun dilimleriyle doyurucu bir lezzet sunar. \u00d6zenle se\u00e7ilmi\u015f patateslerden \u00fcretilen<\/p>","protected":false},"featured_media":29294,"comment_status":"open","ping_status":"closed","template":"","meta":[],"product_brand":[],"product_cat":[76],"product_tag":[],"class_list":{"0":"post-29291","1":"product","2":"type-product","3":"status-publish","4":"has-post-thumbnail","6":"product_cat-ferfry-classic-plus","8":"first","9":"instock","10":"shipping-taxable","11":"product-type-simple"},"_links":{"self":[{"href":"https:\/\/ferfry.com\/en\/wp-json\/wp\/v2\/product\/29291","targetHints":{"allow":["GET"]}}],"collection":[{"href":"https:\/\/ferfry.com\/en\/wp-json\/wp\/v2\/product"}],"about":[{"href":"https:\/\/ferfry.com\/en\/wp-json\/wp\/v2\/types\/product"}],"replies":[{"embeddable":true,"href":"https:\/\/ferfry.com\/en\/wp-json\/wp\/v2\/comments?post=29291"}],"version-history":[{"count":5,"href":"https:\/\/ferfry.com\/en\/wp-json\/wp\/v2\/product\/29291\/revisions"}],"predecessor-version":[{"id":29414,"href":"https:\/\/ferfry.com\/en\/wp-json\/wp\/v2\/product\/29291\/revisions\/29414"}],"wp:featuredmedia":[{"embeddable":true,"href":"https:\/\/ferfry.com\/en\/wp-json\/wp\/v2\/media\/29294"}],"wp:attachment":[{"href":"https:\/\/ferfry.com\/en\/wp-json\/wp\/v2\/media?parent=29291"}],"wp:term":[{"taxonomy":"product_brand","embeddable":true,"href":"https:\/\/ferfry.com\/en\/wp-json\/wp\/v2\/product_brand?post=29291"},{"taxonomy":"product_cat","embeddable":true,"href":"https:\/\/ferfry.com\/en\/wp-json\/wp\/v2\/product_cat?post=29291"},{"taxonomy":"product_tag","embeddable":true,"href":"https:\/\/ferfry.com\/en\/wp-json\/wp\/v2\/product_tag?post=29291"}],"curies":[{"name":"wp","href":"https:\/\/api.w.org\/{rel}","templated":true}]}}