{"id":29299,"date":"2026-02-04T14:25:09","date_gmt":"2026-02-04T11:25:09","guid":{"rendered":"https:\/\/ferfry.com\/?post_type=product&#038;p=29299"},"modified":"2026-02-04T14:55:22","modified_gmt":"2026-02-04T11:55:22","slug":"ferfry-classic-plus-kabuklu-krinkle-dilim-patates-kizartmasi","status":"publish","type":"product","link":"https:\/\/ferfry.com\/en\/product\/ferfry-classic-plus-kabuklu-krinkle-dilim-patates-kizartmasi\/","title":{"rendered":"Ferfry Classic Plus Kabuklu Krinkle Dilim Patates K\u0131zartmas\u0131"},"content":{"rendered":"<div data-elementor-type=\"wp-post\" data-elementor-id=\"29299\" class=\"elementor elementor-29299\">\n\t\t\t\t<div class=\"elementor-element elementor-element-997cfae e-flex e-con-boxed e-con e-parent\" data-id=\"997cfae\" data-element_type=\"container\" data-e-type=\"container\">\n\t\t\t\t\t<div class=\"e-con-inner\">\n\t\t<div class=\"elementor-element elementor-element-67d4c92 e-con-full e-flex e-con e-child\" data-id=\"67d4c92\" data-element_type=\"container\" data-e-type=\"container\">\n\t\t\t\t<div class=\"elementor-element elementor-element-ebb40a2 elementor-widget elementor-widget-wd_text_block\" data-id=\"ebb40a2\" data-element_type=\"widget\" data-e-type=\"widget\" data-widget_type=\"wd_text_block.default\">\n\t\t\t\t<div class=\"elementor-widget-container\">\n\t\t\t\t\t\t\t<div class=\"wd-text-block reset-last-child text-left\">\n\t\t\t\n\t\t\t<p>Ferfry Classic Plus Kabuklu Krinkle Dilim Patates K\u0131zartmas\u0131, kabu\u011fu ile birlikte haz\u0131rlanan \u00f6zel krinkle (t\u0131rt\u0131kl\u0131) kesimi sayesinde ekstra \u00e7\u0131t\u0131rl\u0131k ve g\u00fc\u00e7l\u00fc bir doku sunar. Dalgal\u0131 y\u00fczeyi soslar\u0131 daha iyi tutar ve her lokmada yo\u011fun lezzet sa\u011flar. \u00d6zenle se\u00e7ilmi\u015f patateslerden \u00fcretilen bu \u00fcr\u00fcn, d\u0131\u015f\u0131 alt\u0131n sar\u0131s\u0131 \u00e7\u0131t\u0131r, i\u00e7i ise yumu\u015fak yap\u0131s\u0131yla \u00f6ne \u00e7\u0131kar. Dondurulmu\u015f ve kullan\u0131ma haz\u0131r formu sayesinde frit\u00f6z, f\u0131r\u0131n veya airfryer\u2019da pratik \u015fekilde haz\u0131rlanabilir; \u00f6zellikle burger, sandvi\u00e7 ve tabak sunumlar\u0131 i\u00e7in ideal bir yan \u00fcr\u00fcnd\u00fcr.<\/p>\n\t\t\t\t\t<\/div>\n\t\t\t\t\t\t<\/div>\n\t\t\t\t<\/div>\n\t\t\t\t<\/div>\n\t\t\t\t\t<\/div>\n\t\t\t\t<\/div>\n\t\t\t\t<\/div>","protected":false},"excerpt":{"rendered":"<p>Ferfry Classic Plus Kabuklu Krinkle Dilim Patates K\u0131zartmas\u0131, kabu\u011fu ile birlikte haz\u0131rlanan \u00f6zel krinkle (t\u0131rt\u0131kl\u0131) kesimi sayesinde ekstra \u00e7\u0131t\u0131rl\u0131k ve<\/p>","protected":false},"featured_media":29300,"comment_status":"open","ping_status":"closed","template":"","meta":[],"product_brand":[],"product_cat":[76],"product_tag":[],"class_list":{"0":"post-29299","1":"product","2":"type-product","3":"status-publish","4":"has-post-thumbnail","6":"product_cat-ferfry-classic-plus","8":"first","9":"instock","10":"shipping-taxable","11":"product-type-simple"},"_links":{"self":[{"href":"https:\/\/ferfry.com\/en\/wp-json\/wp\/v2\/product\/29299","targetHints":{"allow":["GET"]}}],"collection":[{"href":"https:\/\/ferfry.com\/en\/wp-json\/wp\/v2\/product"}],"about":[{"href":"https:\/\/ferfry.com\/en\/wp-json\/wp\/v2\/types\/product"}],"replies":[{"embeddable":true,"href":"https:\/\/ferfry.com\/en\/wp-json\/wp\/v2\/comments?post=29299"}],"version-history":[{"count":5,"href":"https:\/\/ferfry.com\/en\/wp-json\/wp\/v2\/product\/29299\/revisions"}],"predecessor-version":[{"id":29415,"href":"https:\/\/ferfry.com\/en\/wp-json\/wp\/v2\/product\/29299\/revisions\/29415"}],"wp:featuredmedia":[{"embeddable":true,"href":"https:\/\/ferfry.com\/en\/wp-json\/wp\/v2\/media\/29300"}],"wp:attachment":[{"href":"https:\/\/ferfry.com\/en\/wp-json\/wp\/v2\/media?parent=29299"}],"wp:term":[{"taxonomy":"product_brand","embeddable":true,"href":"https:\/\/ferfry.com\/en\/wp-json\/wp\/v2\/product_brand?post=29299"},{"taxonomy":"product_cat","embeddable":true,"href":"https:\/\/ferfry.com\/en\/wp-json\/wp\/v2\/product_cat?post=29299"},{"taxonomy":"product_tag","embeddable":true,"href":"https:\/\/ferfry.com\/en\/wp-json\/wp\/v2\/product_tag?post=29299"}],"curies":[{"name":"wp","href":"https:\/\/api.w.org\/{rel}","templated":true}]}}