{"id":29305,"date":"2026-02-04T14:28:28","date_gmt":"2026-02-04T11:28:28","guid":{"rendered":"https:\/\/ferfry.com\/?post_type=product&#038;p=29305"},"modified":"2026-02-04T14:55:30","modified_gmt":"2026-02-04T11:55:30","slug":"ferfry-classic-plus-kabuklu-yuvarlak-dilim-patates-kizartmasi","status":"publish","type":"product","link":"https:\/\/ferfry.com\/en\/product\/ferfry-classic-plus-kabuklu-yuvarlak-dilim-patates-kizartmasi\/","title":{"rendered":"Ferfry Classic Plus Kabuklu Yuvarlak Dilim Patates K\u0131zartmas\u0131"},"content":{"rendered":"<div data-elementor-type=\"wp-post\" data-elementor-id=\"29305\" class=\"elementor elementor-29305\">\n\t\t\t\t<div class=\"elementor-element elementor-element-997cfae e-flex e-con-boxed e-con e-parent\" data-id=\"997cfae\" data-element_type=\"container\" data-e-type=\"container\">\n\t\t\t\t\t<div class=\"e-con-inner\">\n\t\t<div class=\"elementor-element elementor-element-67d4c92 e-con-full e-flex e-con e-child\" data-id=\"67d4c92\" data-element_type=\"container\" data-e-type=\"container\">\n\t\t\t\t<div class=\"elementor-element elementor-element-ebb40a2 elementor-widget elementor-widget-wd_text_block\" data-id=\"ebb40a2\" data-element_type=\"widget\" data-e-type=\"widget\" data-widget_type=\"wd_text_block.default\">\n\t\t\t\t<div class=\"elementor-widget-container\">\n\t\t\t\t\t\t\t<div class=\"wd-text-block reset-last-child text-left\">\n\t\t\t\n\t\t\t<p>Kabuklu yap\u0131s\u0131 ve yuvarlak dilim formu sayesinde do\u011fal lezzet ve \u00e7\u0131t\u0131rl\u0131\u011f\u0131 bir arada sunar. D\u0131\u015f\u0131 alt\u0131n sar\u0131s\u0131, i\u00e7i yumu\u015fak dokusuyla \u00f6ne \u00e7\u0131kan bu \u00fcr\u00fcn; dondurulmu\u015f ve kullan\u0131ma haz\u0131r formu sayesinde frit\u00f6z, f\u0131r\u0131n veya airfryer\u2019da pratik \u015fekilde haz\u0131rlan\u0131r. Burger, sandvi\u00e7 ve tabak sunumlar\u0131 i\u00e7in ideal bir yan \u00fcr\u00fcnd\u00fcr.<\/p>\n\t\t\t\t\t<\/div>\n\t\t\t\t\t\t<\/div>\n\t\t\t\t<\/div>\n\t\t\t\t<\/div>\n\t\t\t\t\t<\/div>\n\t\t\t\t<\/div>\n\t\t\t\t<\/div>","protected":false},"excerpt":{"rendered":"<p>Ferfry Classic Plus Kabuklu Krinkle Dilim Patates K\u0131zartmas\u0131, kabu\u011fu ile birlikte haz\u0131rlanan \u00f6zel krinkle (t\u0131rt\u0131kl\u0131) kesimi sayesinde ekstra \u00e7\u0131t\u0131rl\u0131k ve<\/p>","protected":false},"featured_media":29313,"comment_status":"open","ping_status":"closed","template":"","meta":[],"product_brand":[],"product_cat":[76],"product_tag":[],"class_list":{"0":"post-29305","1":"product","2":"type-product","3":"status-publish","4":"has-post-thumbnail","6":"product_cat-ferfry-classic-plus","8":"first","9":"instock","10":"shipping-taxable","11":"product-type-simple"},"_links":{"self":[{"href":"https:\/\/ferfry.com\/en\/wp-json\/wp\/v2\/product\/29305","targetHints":{"allow":["GET"]}}],"collection":[{"href":"https:\/\/ferfry.com\/en\/wp-json\/wp\/v2\/product"}],"about":[{"href":"https:\/\/ferfry.com\/en\/wp-json\/wp\/v2\/types\/product"}],"replies":[{"embeddable":true,"href":"https:\/\/ferfry.com\/en\/wp-json\/wp\/v2\/comments?post=29305"}],"version-history":[{"count":5,"href":"https:\/\/ferfry.com\/en\/wp-json\/wp\/v2\/product\/29305\/revisions"}],"predecessor-version":[{"id":29314,"href":"https:\/\/ferfry.com\/en\/wp-json\/wp\/v2\/product\/29305\/revisions\/29314"}],"wp:featuredmedia":[{"embeddable":true,"href":"https:\/\/ferfry.com\/en\/wp-json\/wp\/v2\/media\/29313"}],"wp:attachment":[{"href":"https:\/\/ferfry.com\/en\/wp-json\/wp\/v2\/media?parent=29305"}],"wp:term":[{"taxonomy":"product_brand","embeddable":true,"href":"https:\/\/ferfry.com\/en\/wp-json\/wp\/v2\/product_brand?post=29305"},{"taxonomy":"product_cat","embeddable":true,"href":"https:\/\/ferfry.com\/en\/wp-json\/wp\/v2\/product_cat?post=29305"},{"taxonomy":"product_tag","embeddable":true,"href":"https:\/\/ferfry.com\/en\/wp-json\/wp\/v2\/product_tag?post=29305"}],"curies":[{"name":"wp","href":"https:\/\/api.w.org\/{rel}","templated":true}]}}