{"id":29315,"date":"2026-02-04T14:32:29","date_gmt":"2026-02-04T11:32:29","guid":{"rendered":"https:\/\/ferfry.com\/?post_type=product&#038;p=29315"},"modified":"2026-02-04T14:55:38","modified_gmt":"2026-02-04T11:55:38","slug":"ferfry-classic-plus-rustic-dilim-patates-kizartmasi","status":"publish","type":"product","link":"https:\/\/ferfry.com\/en\/product\/ferfry-classic-plus-rustic-dilim-patates-kizartmasi\/","title":{"rendered":"Ferfry Classic Plus Rustic Dilim Patates K\u0131zartmas\u0131"},"content":{"rendered":"<div data-elementor-type=\"wp-post\" data-elementor-id=\"29315\" class=\"elementor elementor-29315\">\n\t\t\t\t<div class=\"elementor-element elementor-element-997cfae e-flex e-con-boxed e-con e-parent\" data-id=\"997cfae\" data-element_type=\"container\" data-e-type=\"container\">\n\t\t\t\t\t<div class=\"e-con-inner\">\n\t\t<div class=\"elementor-element elementor-element-67d4c92 e-con-full e-flex e-con e-child\" data-id=\"67d4c92\" data-element_type=\"container\" data-e-type=\"container\">\n\t\t\t\t<div class=\"elementor-element elementor-element-ebb40a2 elementor-widget elementor-widget-wd_text_block\" data-id=\"ebb40a2\" data-element_type=\"widget\" data-e-type=\"widget\" data-widget_type=\"wd_text_block.default\">\n\t\t\t\t<div class=\"elementor-widget-container\">\n\t\t\t\t\t\t\t<div class=\"wd-text-block reset-last-child text-left\">\n\t\t\t\n\t\t\t<p>Do\u011fal ve rustik kesimiyle ev yap\u0131m\u0131 hissi sunan bu patates k\u0131zartmas\u0131, d\u0131\u015f\u0131 \u00e7\u0131t\u0131r i\u00e7i yumu\u015fak dokusuyla \u00f6ne \u00e7\u0131kar. Dondurulmu\u015f ve kullan\u0131ma haz\u0131r yap\u0131s\u0131 sayesinde frit\u00f6z, f\u0131r\u0131n veya airfryer\u2019da pratik \u015fekilde haz\u0131rlan\u0131r; \u00f6zellikle et yemekleri ve tabak sunumlar\u0131 i\u00e7in ideal bir e\u015flik\u00e7idir.<\/p>\n\t\t\t\t\t<\/div>\n\t\t\t\t\t\t<\/div>\n\t\t\t\t<\/div>\n\t\t\t\t<\/div>\n\t\t\t\t\t<\/div>\n\t\t\t\t<\/div>\n\t\t\t\t<\/div>","protected":false},"excerpt":{"rendered":"<p>Do\u011fal ve rustik kesimiyle ev yap\u0131m\u0131 hissi sunan bu patates k\u0131zartmas\u0131, d\u0131\u015f\u0131 \u00e7\u0131t\u0131r i\u00e7i yumu\u015fak dokusuyla \u00f6ne \u00e7\u0131kar. Dondurulmu\u015f ve<\/p>","protected":false},"featured_media":29316,"comment_status":"open","ping_status":"closed","template":"","meta":[],"product_brand":[],"product_cat":[76],"product_tag":[],"class_list":{"0":"post-29315","1":"product","2":"type-product","3":"status-publish","4":"has-post-thumbnail","6":"product_cat-ferfry-classic-plus","8":"first","9":"instock","10":"shipping-taxable","11":"product-type-simple"},"_links":{"self":[{"href":"https:\/\/ferfry.com\/en\/wp-json\/wp\/v2\/product\/29315","targetHints":{"allow":["GET"]}}],"collection":[{"href":"https:\/\/ferfry.com\/en\/wp-json\/wp\/v2\/product"}],"about":[{"href":"https:\/\/ferfry.com\/en\/wp-json\/wp\/v2\/types\/product"}],"replies":[{"embeddable":true,"href":"https:\/\/ferfry.com\/en\/wp-json\/wp\/v2\/comments?post=29315"}],"version-history":[{"count":5,"href":"https:\/\/ferfry.com\/en\/wp-json\/wp\/v2\/product\/29315\/revisions"}],"predecessor-version":[{"id":29416,"href":"https:\/\/ferfry.com\/en\/wp-json\/wp\/v2\/product\/29315\/revisions\/29416"}],"wp:featuredmedia":[{"embeddable":true,"href":"https:\/\/ferfry.com\/en\/wp-json\/wp\/v2\/media\/29316"}],"wp:attachment":[{"href":"https:\/\/ferfry.com\/en\/wp-json\/wp\/v2\/media?parent=29315"}],"wp:term":[{"taxonomy":"product_brand","embeddable":true,"href":"https:\/\/ferfry.com\/en\/wp-json\/wp\/v2\/product_brand?post=29315"},{"taxonomy":"product_cat","embeddable":true,"href":"https:\/\/ferfry.com\/en\/wp-json\/wp\/v2\/product_cat?post=29315"},{"taxonomy":"product_tag","embeddable":true,"href":"https:\/\/ferfry.com\/en\/wp-json\/wp\/v2\/product_tag?post=29315"}],"curies":[{"name":"wp","href":"https:\/\/api.w.org\/{rel}","templated":true}]}}