{"id":29326,"date":"2026-02-04T14:35:50","date_gmt":"2026-02-04T11:35:50","guid":{"rendered":"https:\/\/ferfry.com\/?post_type=product&#038;p=29326"},"modified":"2026-02-04T14:37:44","modified_gmt":"2026-02-04T11:37:44","slug":"ferfry-chef-solutions-9-mm-duz-kesim-patates-kizartmasi","status":"publish","type":"product","link":"https:\/\/ferfry.com\/en\/product\/ferfry-chef-solutions-9-mm-duz-kesim-patates-kizartmasi\/","title":{"rendered":"Ferfry Chef Solutions 9 mm D\u00fcz Kesim Patates K\u0131zartmas\u0131"},"content":{"rendered":"<div data-elementor-type=\"wp-post\" data-elementor-id=\"29326\" class=\"elementor elementor-29326\">\n\t\t\t\t<div class=\"elementor-element elementor-element-997cfae e-flex e-con-boxed e-con e-parent\" data-id=\"997cfae\" data-element_type=\"container\" data-e-type=\"container\">\n\t\t\t\t\t<div class=\"e-con-inner\">\n\t\t<div class=\"elementor-element elementor-element-67d4c92 e-con-full e-flex e-con e-child\" data-id=\"67d4c92\" data-element_type=\"container\" data-e-type=\"container\">\n\t\t\t\t<div class=\"elementor-element elementor-element-ebb40a2 elementor-widget elementor-widget-wd_text_block\" data-id=\"ebb40a2\" data-element_type=\"widget\" data-e-type=\"widget\" data-widget_type=\"wd_text_block.default\">\n\t\t\t\t<div class=\"elementor-widget-container\">\n\t\t\t\t\t\t\t<div class=\"wd-text-block reset-last-child text-left\">\n\t\t\t\n\t\t\t<p>Profesyonel mutfaklar i\u00e7in geli\u015ftirilen 9 mm d\u00fcz kesimiyle dengeli pi\u015firme ve ideal \u00e7\u0131t\u0131rl\u0131k sunar. D\u0131\u015f\u0131 alt\u0131n sar\u0131s\u0131, i\u00e7i yumu\u015fak dokusuyla \u00f6ne \u00e7\u0131kan bu \u00fcr\u00fcn; dondurulmu\u015f ve kullan\u0131ma haz\u0131r yap\u0131s\u0131 sayesinde h\u0131zl\u0131 ve pratik servis imk\u00e2n\u0131 sa\u011flar.<\/p>\n\t\t\t\t\t<\/div>\n\t\t\t\t\t\t<\/div>\n\t\t\t\t<\/div>\n\t\t\t\t<\/div>\n\t\t\t\t\t<\/div>\n\t\t\t\t<\/div>\n\t\t\t\t<\/div>","protected":false},"excerpt":{"rendered":"<p>Profesyonel mutfaklar i\u00e7in geli\u015ftirilen 9 mm d\u00fcz kesimiyle dengeli pi\u015firme ve ideal \u00e7\u0131t\u0131rl\u0131k sunar. D\u0131\u015f\u0131 alt\u0131n sar\u0131s\u0131, i\u00e7i yumu\u015fak dokusuyla<\/p>","protected":false},"featured_media":29266,"comment_status":"open","ping_status":"closed","template":"","meta":[],"product_brand":[],"product_cat":[23],"product_tag":[],"class_list":{"0":"post-29326","1":"product","2":"type-product","3":"status-publish","4":"has-post-thumbnail","6":"product_cat-ferfry-chef-solitions","8":"first","9":"instock","10":"shipping-taxable","11":"product-type-simple"},"_links":{"self":[{"href":"https:\/\/ferfry.com\/en\/wp-json\/wp\/v2\/product\/29326","targetHints":{"allow":["GET"]}}],"collection":[{"href":"https:\/\/ferfry.com\/en\/wp-json\/wp\/v2\/product"}],"about":[{"href":"https:\/\/ferfry.com\/en\/wp-json\/wp\/v2\/types\/product"}],"replies":[{"embeddable":true,"href":"https:\/\/ferfry.com\/en\/wp-json\/wp\/v2\/comments?post=29326"}],"version-history":[{"count":4,"href":"https:\/\/ferfry.com\/en\/wp-json\/wp\/v2\/product\/29326\/revisions"}],"predecessor-version":[{"id":29332,"href":"https:\/\/ferfry.com\/en\/wp-json\/wp\/v2\/product\/29326\/revisions\/29332"}],"wp:featuredmedia":[{"embeddable":true,"href":"https:\/\/ferfry.com\/en\/wp-json\/wp\/v2\/media\/29266"}],"wp:attachment":[{"href":"https:\/\/ferfry.com\/en\/wp-json\/wp\/v2\/media?parent=29326"}],"wp:term":[{"taxonomy":"product_brand","embeddable":true,"href":"https:\/\/ferfry.com\/en\/wp-json\/wp\/v2\/product_brand?post=29326"},{"taxonomy":"product_cat","embeddable":true,"href":"https:\/\/ferfry.com\/en\/wp-json\/wp\/v2\/product_cat?post=29326"},{"taxonomy":"product_tag","embeddable":true,"href":"https:\/\/ferfry.com\/en\/wp-json\/wp\/v2\/product_tag?post=29326"}],"curies":[{"name":"wp","href":"https:\/\/api.w.org\/{rel}","templated":true}]}}