{"id":29343,"date":"2026-02-04T14:40:45","date_gmt":"2026-02-04T11:40:45","guid":{"rendered":"https:\/\/ferfry.com\/?post_type=product&#038;p=29343"},"modified":"2026-02-04T14:42:36","modified_gmt":"2026-02-04T11:42:36","slug":"ferfry-chef-solutions-11-mm-duz-kesim-patates-kizartmasi","status":"publish","type":"product","link":"https:\/\/ferfry.com\/en\/product\/ferfry-chef-solutions-11-mm-duz-kesim-patates-kizartmasi\/","title":{"rendered":"Ferfry Chef Solutions 11 mm D\u00fcz Kesim Patates K\u0131zartmas\u0131"},"content":{"rendered":"<div data-elementor-type=\"wp-post\" data-elementor-id=\"29343\" class=\"elementor elementor-29343\">\n\t\t\t\t<div class=\"elementor-element elementor-element-997cfae e-flex e-con-boxed e-con e-parent\" data-id=\"997cfae\" data-element_type=\"container\" data-e-type=\"container\">\n\t\t\t\t\t<div class=\"e-con-inner\">\n\t\t<div class=\"elementor-element elementor-element-67d4c92 e-con-full e-flex e-con e-child\" data-id=\"67d4c92\" data-element_type=\"container\" data-e-type=\"container\">\n\t\t\t\t<div class=\"elementor-element elementor-element-ebb40a2 elementor-widget elementor-widget-wd_text_block\" data-id=\"ebb40a2\" data-element_type=\"widget\" data-e-type=\"widget\" data-widget_type=\"wd_text_block.default\">\n\t\t\t\t<div class=\"elementor-widget-container\">\n\t\t\t\t\t\t\t<div class=\"wd-text-block reset-last-child text-left\">\n\t\t\t\n\t\t\t<p>11 mm kal\u0131n kesimiyle tok yap\u0131 ve y\u00fcksek servis dayan\u0131m\u0131 sunar. D\u0131\u015f\u0131 \u00e7\u0131t\u0131r, i\u00e7i yumu\u015fak dokusunu koruyan bu \u00fcr\u00fcn; dondurulmu\u015f ve kullan\u0131ma haz\u0131r formu sayesinde profesyonel mutfaklarda h\u0131zl\u0131 ve g\u00fcvenilir servis sa\u011flar.<\/p>\n\t\t\t\t\t<\/div>\n\t\t\t\t\t\t<\/div>\n\t\t\t\t<\/div>\n\t\t\t\t<\/div>\n\t\t\t\t\t<\/div>\n\t\t\t\t<\/div>\n\t\t\t\t<\/div>","protected":false},"excerpt":{"rendered":"<p>11 mm kal\u0131n kesimiyle tok yap\u0131 ve y\u00fcksek servis dayan\u0131m\u0131 sunar. D\u0131\u015f\u0131 \u00e7\u0131t\u0131r, i\u00e7i yumu\u015fak dokusunu koruyan bu \u00fcr\u00fcn; dondurulmu\u015f<\/p>","protected":false},"featured_media":29345,"comment_status":"open","ping_status":"closed","template":"","meta":[],"product_brand":[],"product_cat":[23],"product_tag":[],"class_list":{"0":"post-29343","1":"product","2":"type-product","3":"status-publish","4":"has-post-thumbnail","6":"product_cat-ferfry-chef-solitions","8":"first","9":"instock","10":"shipping-taxable","11":"product-type-simple"},"_links":{"self":[{"href":"https:\/\/ferfry.com\/en\/wp-json\/wp\/v2\/product\/29343","targetHints":{"allow":["GET"]}}],"collection":[{"href":"https:\/\/ferfry.com\/en\/wp-json\/wp\/v2\/product"}],"about":[{"href":"https:\/\/ferfry.com\/en\/wp-json\/wp\/v2\/types\/product"}],"replies":[{"embeddable":true,"href":"https:\/\/ferfry.com\/en\/wp-json\/wp\/v2\/comments?post=29343"}],"version-history":[{"count":4,"href":"https:\/\/ferfry.com\/en\/wp-json\/wp\/v2\/product\/29343\/revisions"}],"predecessor-version":[{"id":29354,"href":"https:\/\/ferfry.com\/en\/wp-json\/wp\/v2\/product\/29343\/revisions\/29354"}],"wp:featuredmedia":[{"embeddable":true,"href":"https:\/\/ferfry.com\/en\/wp-json\/wp\/v2\/media\/29345"}],"wp:attachment":[{"href":"https:\/\/ferfry.com\/en\/wp-json\/wp\/v2\/media?parent=29343"}],"wp:term":[{"taxonomy":"product_brand","embeddable":true,"href":"https:\/\/ferfry.com\/en\/wp-json\/wp\/v2\/product_brand?post=29343"},{"taxonomy":"product_cat","embeddable":true,"href":"https:\/\/ferfry.com\/en\/wp-json\/wp\/v2\/product_cat?post=29343"},{"taxonomy":"product_tag","embeddable":true,"href":"https:\/\/ferfry.com\/en\/wp-json\/wp\/v2\/product_tag?post=29343"}],"curies":[{"name":"wp","href":"https:\/\/api.w.org\/{rel}","templated":true}]}}