{"id":29367,"date":"2026-02-04T14:44:53","date_gmt":"2026-02-04T11:44:53","guid":{"rendered":"https:\/\/ferfry.com\/?post_type=product&#038;p=29367"},"modified":"2026-02-04T15:59:28","modified_gmt":"2026-02-04T12:59:28","slug":"ferfry-chef-solutions-1-8-elma-dilim-patates-kizartmasi","status":"publish","type":"product","link":"https:\/\/ferfry.com\/en\/product\/ferfry-chef-solutions-1-8-elma-dilim-patates-kizartmasi\/","title":{"rendered":"Ferfry Chef Solutions 1\/8 Elma Dilim Patates K\u0131zartmas\u0131"},"content":{"rendered":"<div data-elementor-type=\"wp-post\" data-elementor-id=\"29367\" class=\"elementor elementor-29367\">\n\t\t\t\t<div class=\"elementor-element elementor-element-997cfae e-flex e-con-boxed e-con e-parent\" data-id=\"997cfae\" data-element_type=\"container\" data-e-type=\"container\">\n\t\t\t\t\t<div class=\"e-con-inner\">\n\t\t<div class=\"elementor-element elementor-element-67d4c92 e-con-full e-flex e-con e-child\" data-id=\"67d4c92\" data-element_type=\"container\" data-e-type=\"container\">\n\t\t\t\t<div class=\"elementor-element elementor-element-ebb40a2 elementor-widget elementor-widget-wd_text_block\" data-id=\"ebb40a2\" data-element_type=\"widget\" data-e-type=\"widget\" data-widget_type=\"wd_text_block.default\">\n\t\t\t\t<div class=\"elementor-widget-container\">\n\t\t\t\t\t\t\t<div class=\"wd-text-block reset-last-child text-left\">\n\t\t\t\n\t\t\t<p>Kal\u0131n ve dolgun elma dilim kesimiyle doyurucu bir lezzet sunar. D\u0131\u015f\u0131 \u00e7\u0131t\u0131r, i\u00e7i yumu\u015fak dokusuyla \u00f6ne \u00e7\u0131kan bu \u00fcr\u00fcn; dondurulmu\u015f ve kullan\u0131ma haz\u0131r yap\u0131s\u0131 sayesinde profesyonel mutfaklarda pratik ve h\u0131zl\u0131 servis imk\u00e2n\u0131 sa\u011flar.<\/p>\n\t\t\t\t\t<\/div>\n\t\t\t\t\t\t<\/div>\n\t\t\t\t<\/div>\n\t\t\t\t<\/div>\n\t\t\t\t\t<\/div>\n\t\t\t\t<\/div>\n\t\t\t\t<\/div>","protected":false},"excerpt":{"rendered":"<p>Kal\u0131n ve dolgun elma dilim kesimiyle doyurucu bir lezzet sunar. D\u0131\u015f\u0131 \u00e7\u0131t\u0131r, i\u00e7i yumu\u015fak dokusuyla \u00f6ne \u00e7\u0131kan bu \u00fcr\u00fcn; dondurulmu\u015f<\/p>","protected":false},"featured_media":29372,"comment_status":"open","ping_status":"closed","template":"","meta":[],"product_brand":[],"product_cat":[23],"product_tag":[],"class_list":{"0":"post-29367","1":"product","2":"type-product","3":"status-publish","4":"has-post-thumbnail","6":"product_cat-ferfry-chef-solitions","8":"first","9":"instock","10":"shipping-taxable","11":"product-type-simple"},"_links":{"self":[{"href":"https:\/\/ferfry.com\/en\/wp-json\/wp\/v2\/product\/29367","targetHints":{"allow":["GET"]}}],"collection":[{"href":"https:\/\/ferfry.com\/en\/wp-json\/wp\/v2\/product"}],"about":[{"href":"https:\/\/ferfry.com\/en\/wp-json\/wp\/v2\/types\/product"}],"replies":[{"embeddable":true,"href":"https:\/\/ferfry.com\/en\/wp-json\/wp\/v2\/comments?post=29367"}],"version-history":[{"count":5,"href":"https:\/\/ferfry.com\/en\/wp-json\/wp\/v2\/product\/29367\/revisions"}],"predecessor-version":[{"id":29536,"href":"https:\/\/ferfry.com\/en\/wp-json\/wp\/v2\/product\/29367\/revisions\/29536"}],"wp:featuredmedia":[{"embeddable":true,"href":"https:\/\/ferfry.com\/en\/wp-json\/wp\/v2\/media\/29372"}],"wp:attachment":[{"href":"https:\/\/ferfry.com\/en\/wp-json\/wp\/v2\/media?parent=29367"}],"wp:term":[{"taxonomy":"product_brand","embeddable":true,"href":"https:\/\/ferfry.com\/en\/wp-json\/wp\/v2\/product_brand?post=29367"},{"taxonomy":"product_cat","embeddable":true,"href":"https:\/\/ferfry.com\/en\/wp-json\/wp\/v2\/product_cat?post=29367"},{"taxonomy":"product_tag","embeddable":true,"href":"https:\/\/ferfry.com\/en\/wp-json\/wp\/v2\/product_tag?post=29367"}],"curies":[{"name":"wp","href":"https:\/\/api.w.org\/{rel}","templated":true}]}}