{"id":29395,"date":"2026-02-04T14:50:23","date_gmt":"2026-02-04T11:50:23","guid":{"rendered":"https:\/\/ferfry.com\/?post_type=product&#038;p=29395"},"modified":"2026-02-04T14:51:50","modified_gmt":"2026-02-04T11:51:50","slug":"ferfry-chef-solutions-20-mm-kup-kesim-patates-kizartmasi","status":"publish","type":"product","link":"https:\/\/ferfry.com\/en\/product\/ferfry-chef-solutions-20-mm-kup-kesim-patates-kizartmasi\/","title":{"rendered":"Ferfry Chef Solutions 20 mm K\u00fcp Kesim Patates K\u0131zartmas\u0131"},"content":{"rendered":"<div data-elementor-type=\"wp-post\" data-elementor-id=\"29395\" class=\"elementor elementor-29395\">\n\t\t\t\t<div class=\"elementor-element elementor-element-997cfae e-flex e-con-boxed e-con e-parent\" data-id=\"997cfae\" data-element_type=\"container\" data-e-type=\"container\">\n\t\t\t\t\t<div class=\"e-con-inner\">\n\t\t<div class=\"elementor-element elementor-element-67d4c92 e-con-full e-flex e-con e-child\" data-id=\"67d4c92\" data-element_type=\"container\" data-e-type=\"container\">\n\t\t\t\t<div class=\"elementor-element elementor-element-ebb40a2 elementor-widget elementor-widget-wd_text_block\" data-id=\"ebb40a2\" data-element_type=\"widget\" data-e-type=\"widget\" data-widget_type=\"wd_text_block.default\">\n\t\t\t\t<div class=\"elementor-widget-container\">\n\t\t\t\t\t\t\t<div class=\"wd-text-block reset-last-child text-left\">\n\t\t\t\n\t\t\t<p>20 mm b\u00fcy\u00fck k\u00fcp kesimiyle dolgun yap\u0131 ve g\u00fc\u00e7l\u00fc doku sunar. E\u015fit pi\u015firme sa\u011flayan formu ve dondurulmu\u015f, kullan\u0131ma haz\u0131r yap\u0131s\u0131 sayesinde profesyonel mutfaklarda pratik ve h\u0131zl\u0131 servis i\u00e7in ideal bir \u00fcr\u00fcnd\u00fcr.<\/p>\n\t\t\t\t\t<\/div>\n\t\t\t\t\t\t<\/div>\n\t\t\t\t<\/div>\n\t\t\t\t<\/div>\n\t\t\t\t\t<\/div>\n\t\t\t\t<\/div>\n\t\t\t\t<\/div>","protected":false},"excerpt":{"rendered":"<p>20 mm b\u00fcy\u00fck k\u00fcp kesimiyle dolgun yap\u0131 ve g\u00fc\u00e7l\u00fc doku sunar. E\u015fit pi\u015firme sa\u011flayan formu ve dondurulmu\u015f, kullan\u0131ma haz\u0131r yap\u0131s\u0131<\/p>","protected":false},"featured_media":29402,"comment_status":"open","ping_status":"closed","template":"","meta":[],"product_brand":[],"product_cat":[23],"product_tag":[],"class_list":{"0":"post-29395","1":"product","2":"type-product","3":"status-publish","4":"has-post-thumbnail","6":"product_cat-ferfry-chef-solitions","8":"first","9":"instock","10":"shipping-taxable","11":"product-type-simple"},"_links":{"self":[{"href":"https:\/\/ferfry.com\/en\/wp-json\/wp\/v2\/product\/29395","targetHints":{"allow":["GET"]}}],"collection":[{"href":"https:\/\/ferfry.com\/en\/wp-json\/wp\/v2\/product"}],"about":[{"href":"https:\/\/ferfry.com\/en\/wp-json\/wp\/v2\/types\/product"}],"replies":[{"embeddable":true,"href":"https:\/\/ferfry.com\/en\/wp-json\/wp\/v2\/comments?post=29395"}],"version-history":[{"count":4,"href":"https:\/\/ferfry.com\/en\/wp-json\/wp\/v2\/product\/29395\/revisions"}],"predecessor-version":[{"id":29409,"href":"https:\/\/ferfry.com\/en\/wp-json\/wp\/v2\/product\/29395\/revisions\/29409"}],"wp:featuredmedia":[{"embeddable":true,"href":"https:\/\/ferfry.com\/en\/wp-json\/wp\/v2\/media\/29402"}],"wp:attachment":[{"href":"https:\/\/ferfry.com\/en\/wp-json\/wp\/v2\/media?parent=29395"}],"wp:term":[{"taxonomy":"product_brand","embeddable":true,"href":"https:\/\/ferfry.com\/en\/wp-json\/wp\/v2\/product_brand?post=29395"},{"taxonomy":"product_cat","embeddable":true,"href":"https:\/\/ferfry.com\/en\/wp-json\/wp\/v2\/product_cat?post=29395"},{"taxonomy":"product_tag","embeddable":true,"href":"https:\/\/ferfry.com\/en\/wp-json\/wp\/v2\/product_tag?post=29395"}],"curies":[{"name":"wp","href":"https:\/\/api.w.org\/{rel}","templated":true}]}}