{"id":29433,"date":"2026-02-04T14:59:29","date_gmt":"2026-02-04T11:59:29","guid":{"rendered":"https:\/\/ferfry.com\/?post_type=product&#038;p=29433"},"modified":"2026-02-04T15:01:59","modified_gmt":"2026-02-04T12:01:59","slug":"ferfry-premium-9-mm-krinkle-kesim-patates-kizartmasi","status":"publish","type":"product","link":"https:\/\/ferfry.com\/en\/product\/ferfry-premium-9-mm-krinkle-kesim-patates-kizartmasi\/","title":{"rendered":"Ferfry Premium 9 mm Krinkle Kesim Patates K\u0131zartmas\u0131"},"content":{"rendered":"<div data-elementor-type=\"wp-post\" data-elementor-id=\"29433\" class=\"elementor elementor-29433\">\n\t\t\t\t<div class=\"elementor-element elementor-element-997cfae e-flex e-con-boxed e-con e-parent\" data-id=\"997cfae\" data-element_type=\"container\" data-e-type=\"container\">\n\t\t\t\t\t<div class=\"e-con-inner\">\n\t\t<div class=\"elementor-element elementor-element-67d4c92 e-con-full e-flex e-con e-child\" data-id=\"67d4c92\" data-element_type=\"container\" data-e-type=\"container\">\n\t\t\t\t<div class=\"elementor-element elementor-element-ebb40a2 elementor-widget elementor-widget-wd_text_block\" data-id=\"ebb40a2\" data-element_type=\"widget\" data-e-type=\"widget\" data-widget_type=\"wd_text_block.default\">\n\t\t\t\t<div class=\"elementor-widget-container\">\n\t\t\t\t\t\t\t<div class=\"wd-text-block reset-last-child text-left\">\n\t\t\t\n\t\t\t<p>\u00d6zel krinkle (t\u0131rt\u0131kl\u0131) kesimiyle ekstra \u00e7\u0131t\u0131rl\u0131k ve g\u00fc\u00e7l\u00fc doku sunar. 9 mm ideal kal\u0131nl\u0131\u011f\u0131 sayesinde d\u0131\u015f\u0131 alt\u0131n sar\u0131s\u0131 \u00e7\u0131t\u0131r, i\u00e7i yumu\u015fak kalan bu patates k\u0131zartmas\u0131; dondurulmu\u015f ve kullan\u0131ma haz\u0131r formuyla pratik ve h\u0131zl\u0131 servis i\u00e7in m\u00fckemmel bir se\u00e7enektir.<\/p>\n\t\t\t\t\t<\/div>\n\t\t\t\t\t\t<\/div>\n\t\t\t\t<\/div>\n\t\t\t\t<\/div>\n\t\t\t\t\t<\/div>\n\t\t\t\t<\/div>\n\t\t\t\t<\/div>","protected":false},"excerpt":{"rendered":"<p>\u00d6zel krinkle (t\u0131rt\u0131kl\u0131) kesimiyle ekstra \u00e7\u0131t\u0131rl\u0131k ve g\u00fc\u00e7l\u00fc doku sunar. 9 mm ideal kal\u0131nl\u0131\u011f\u0131 sayesinde d\u0131\u015f\u0131 alt\u0131n sar\u0131s\u0131 \u00e7\u0131t\u0131r, i\u00e7i<\/p>","protected":false},"featured_media":29434,"comment_status":"open","ping_status":"closed","template":"","meta":[],"product_brand":[],"product_cat":[75],"product_tag":[],"class_list":{"0":"post-29433","1":"product","2":"type-product","3":"status-publish","4":"has-post-thumbnail","6":"product_cat-ferfry-premium","8":"first","9":"instock","10":"shipping-taxable","11":"product-type-simple"},"_links":{"self":[{"href":"https:\/\/ferfry.com\/en\/wp-json\/wp\/v2\/product\/29433","targetHints":{"allow":["GET"]}}],"collection":[{"href":"https:\/\/ferfry.com\/en\/wp-json\/wp\/v2\/product"}],"about":[{"href":"https:\/\/ferfry.com\/en\/wp-json\/wp\/v2\/types\/product"}],"replies":[{"embeddable":true,"href":"https:\/\/ferfry.com\/en\/wp-json\/wp\/v2\/comments?post=29433"}],"version-history":[{"count":4,"href":"https:\/\/ferfry.com\/en\/wp-json\/wp\/v2\/product\/29433\/revisions"}],"predecessor-version":[{"id":29441,"href":"https:\/\/ferfry.com\/en\/wp-json\/wp\/v2\/product\/29433\/revisions\/29441"}],"wp:featuredmedia":[{"embeddable":true,"href":"https:\/\/ferfry.com\/en\/wp-json\/wp\/v2\/media\/29434"}],"wp:attachment":[{"href":"https:\/\/ferfry.com\/en\/wp-json\/wp\/v2\/media?parent=29433"}],"wp:term":[{"taxonomy":"product_brand","embeddable":true,"href":"https:\/\/ferfry.com\/en\/wp-json\/wp\/v2\/product_brand?post=29433"},{"taxonomy":"product_cat","embeddable":true,"href":"https:\/\/ferfry.com\/en\/wp-json\/wp\/v2\/product_cat?post=29433"},{"taxonomy":"product_tag","embeddable":true,"href":"https:\/\/ferfry.com\/en\/wp-json\/wp\/v2\/product_tag?post=29433"}],"curies":[{"name":"wp","href":"https:\/\/api.w.org\/{rel}","templated":true}]}}