{"id":29491,"date":"2026-02-04T15:23:53","date_gmt":"2026-02-04T12:23:53","guid":{"rendered":"https:\/\/ferfry.com\/?post_type=product&#038;p=29491"},"modified":"2026-02-04T15:54:15","modified_gmt":"2026-02-04T12:54:15","slug":"ferfry-funny-pane-mozzarella-cubuklari","status":"publish","type":"product","link":"https:\/\/ferfry.com\/en\/product\/ferfry-funny-pane-mozzarella-cubuklari\/","title":{"rendered":"Ferfry Funny Pane Mozzarella \u00c7ubuklar\u0131"},"content":{"rendered":"<div data-elementor-type=\"wp-post\" data-elementor-id=\"29491\" class=\"elementor elementor-29491\">\n\t\t\t\t<div class=\"elementor-element elementor-element-997cfae e-flex e-con-boxed e-con e-parent\" data-id=\"997cfae\" data-element_type=\"container\" data-e-type=\"container\">\n\t\t\t\t\t<div class=\"e-con-inner\">\n\t\t<div class=\"elementor-element elementor-element-67d4c92 e-con-full e-flex e-con e-child\" data-id=\"67d4c92\" data-element_type=\"container\" data-e-type=\"container\">\n\t\t\t\t<div class=\"elementor-element elementor-element-ebb40a2 elementor-widget elementor-widget-wd_text_block\" data-id=\"ebb40a2\" data-element_type=\"widget\" data-e-type=\"widget\" data-widget_type=\"wd_text_block.default\">\n\t\t\t\t<div class=\"elementor-widget-container\">\n\t\t\t\t\t\t\t<div class=\"wd-text-block reset-last-child text-left\">\n\t\t\t\n\t\t\t<p>Alt\u0131n sar\u0131s\u0131 pane kaplamas\u0131 ve eriyen mozzarella i\u00e7iyle lezzetli bir at\u0131\u015ft\u0131rmal\u0131k sunar. Dondurulmu\u015f ve kullan\u0131ma haz\u0131r formu sayesinde frit\u00f6z veya f\u0131r\u0131nda pratik \u015fekilde haz\u0131rlan\u0131r; aperatif servisler ve payla\u015f\u0131m tabaklar\u0131 i\u00e7in ideal bir se\u00e7enektir.<\/p>\n\t\t\t\t\t<\/div>\n\t\t\t\t\t\t<\/div>\n\t\t\t\t<\/div>\n\t\t\t\t<\/div>\n\t\t\t\t\t<\/div>\n\t\t\t\t<\/div>\n\t\t\t\t<\/div>","protected":false},"excerpt":{"rendered":"<p>Alt\u0131n sar\u0131s\u0131 pane kaplamas\u0131 ve eriyen mozzarella i\u00e7iyle lezzetli bir at\u0131\u015ft\u0131rmal\u0131k sunar. Dondurulmu\u015f ve kullan\u0131ma haz\u0131r formu sayesinde frit\u00f6z veya<\/p>","protected":false},"featured_media":29492,"comment_status":"open","ping_status":"closed","template":"","meta":[],"product_brand":[],"product_cat":[77],"product_tag":[],"class_list":{"0":"post-29491","1":"product","2":"type-product","3":"status-publish","4":"has-post-thumbnail","6":"product_cat-ferfry-funny","8":"first","9":"instock","10":"shipping-taxable","11":"product-type-simple"},"_links":{"self":[{"href":"https:\/\/ferfry.com\/en\/wp-json\/wp\/v2\/product\/29491","targetHints":{"allow":["GET"]}}],"collection":[{"href":"https:\/\/ferfry.com\/en\/wp-json\/wp\/v2\/product"}],"about":[{"href":"https:\/\/ferfry.com\/en\/wp-json\/wp\/v2\/types\/product"}],"replies":[{"embeddable":true,"href":"https:\/\/ferfry.com\/en\/wp-json\/wp\/v2\/comments?post=29491"}],"version-history":[{"count":5,"href":"https:\/\/ferfry.com\/en\/wp-json\/wp\/v2\/product\/29491\/revisions"}],"predecessor-version":[{"id":29533,"href":"https:\/\/ferfry.com\/en\/wp-json\/wp\/v2\/product\/29491\/revisions\/29533"}],"wp:featuredmedia":[{"embeddable":true,"href":"https:\/\/ferfry.com\/en\/wp-json\/wp\/v2\/media\/29492"}],"wp:attachment":[{"href":"https:\/\/ferfry.com\/en\/wp-json\/wp\/v2\/media?parent=29491"}],"wp:term":[{"taxonomy":"product_brand","embeddable":true,"href":"https:\/\/ferfry.com\/en\/wp-json\/wp\/v2\/product_brand?post=29491"},{"taxonomy":"product_cat","embeddable":true,"href":"https:\/\/ferfry.com\/en\/wp-json\/wp\/v2\/product_cat?post=29491"},{"taxonomy":"product_tag","embeddable":true,"href":"https:\/\/ferfry.com\/en\/wp-json\/wp\/v2\/product_tag?post=29491"}],"curies":[{"name":"wp","href":"https:\/\/api.w.org\/{rel}","templated":true}]}}