{"id":411,"date":"2021-08-27T12:19:36","date_gmt":"2021-08-27T12:19:36","guid":{"rendered":"http:\/\/dummy.xtemos.com\/woodmart2\/elementor\/?post_type=product&#038;p=411"},"modified":"2026-02-04T14:04:08","modified_gmt":"2026-02-04T11:04:08","slug":"ferfry-premium-kabuklu-9-mm-krinkle-patates-kizartmasi","status":"publish","type":"product","link":"https:\/\/ferfry.com\/en\/product\/ferfry-premium-kabuklu-9-mm-krinkle-patates-kizartmasi\/","title":{"rendered":"Ferfry Premium Kabuklu 9 mm Krinkle Patates K\u0131zartmas\u0131"},"content":{"rendered":"<div data-elementor-type=\"wp-post\" data-elementor-id=\"411\" class=\"elementor elementor-411\">\n\t\t\t\t<div class=\"elementor-element elementor-element-997cfae e-flex e-con-boxed e-con e-parent\" data-id=\"997cfae\" data-element_type=\"container\" data-e-type=\"container\">\n\t\t\t\t\t<div class=\"e-con-inner\">\n\t\t<div class=\"elementor-element elementor-element-67d4c92 e-con-full e-flex e-con e-child\" data-id=\"67d4c92\" data-element_type=\"container\" data-e-type=\"container\">\n\t\t\t\t<div class=\"elementor-element elementor-element-ebb40a2 elementor-widget elementor-widget-wd_text_block\" data-id=\"ebb40a2\" data-element_type=\"widget\" data-e-type=\"widget\" data-widget_type=\"wd_text_block.default\">\n\t\t\t\t<div class=\"elementor-widget-container\">\n\t\t\t\t\t\t\t<div class=\"wd-text-block reset-last-child text-left\">\n\t\t\t\n\t\t\t<p>Ferfry Premium Kabuklu 9 mm Krinkle Patates K\u0131zartmas\u0131, kabu\u011fu ile birlikte i\u015flenmi\u015f \u00f6zel kesim krinkle dilimiyle hem g\u00f6ze hem dama\u011fa hitap eden \u00e7\u0131t\u0131r bir lezzet sunar. Dondurulmu\u015f ve haz\u0131r formu sayesinde frit\u00f6zde, airfryer\u2019da veya f\u0131r\u0131nda kolayca pi\u015firilebilir. 9 mm ideal kal\u0131nl\u0131\u011f\u0131 ile d\u0131\u015f\u0131 alt\u0131n gibi \u00e7\u0131t\u0131r olurken i\u00e7i yumu\u015fak dokusunu korur \u2014 g\u00fcnl\u00fck men\u00fcler, fast-food servisler veya ev sofralar\u0131 i\u00e7in m\u00fckemmel bir tercih. Her porsiyonda e\u015fit pi\u015firme ve dengeli k\u0131vam sa\u011flayarak her seferinde ayn\u0131 kaliteli lezzeti garantiler.<\/p>\n\t\t\t\t\t<\/div>\n\t\t\t\t\t\t<\/div>\n\t\t\t\t<\/div>\n\t\t\t\t<\/div>\n\t\t\t\t\t<\/div>\n\t\t\t\t<\/div>\n\t\t\t\t<\/div>","protected":false},"excerpt":{"rendered":"<p>Ferfry Premium Kabuklu 9 mm Krinkle Patates K\u0131zartmas\u0131, kabu\u011fu ile birlikte i\u015flenmi\u015f \u00f6zel kesim krinkle dilimiyle hem g\u00f6ze hem dama\u011fa<\/p>","protected":false},"featured_media":29095,"comment_status":"open","ping_status":"closed","template":"","meta":[],"product_brand":[],"product_cat":[75],"product_tag":[],"class_list":{"0":"post-411","1":"product","2":"type-product","3":"status-publish","4":"has-post-thumbnail","6":"product_cat-ferfry-premium","8":"first","9":"instock","10":"shipping-taxable","11":"product-type-simple"},"_links":{"self":[{"href":"https:\/\/ferfry.com\/en\/wp-json\/wp\/v2\/product\/411","targetHints":{"allow":["GET"]}}],"collection":[{"href":"https:\/\/ferfry.com\/en\/wp-json\/wp\/v2\/product"}],"about":[{"href":"https:\/\/ferfry.com\/en\/wp-json\/wp\/v2\/types\/product"}],"replies":[{"embeddable":true,"href":"https:\/\/ferfry.com\/en\/wp-json\/wp\/v2\/comments?post=411"}],"version-history":[{"count":8,"href":"https:\/\/ferfry.com\/en\/wp-json\/wp\/v2\/product\/411\/revisions"}],"predecessor-version":[{"id":29264,"href":"https:\/\/ferfry.com\/en\/wp-json\/wp\/v2\/product\/411\/revisions\/29264"}],"wp:featuredmedia":[{"embeddable":true,"href":"https:\/\/ferfry.com\/en\/wp-json\/wp\/v2\/media\/29095"}],"wp:attachment":[{"href":"https:\/\/ferfry.com\/en\/wp-json\/wp\/v2\/media?parent=411"}],"wp:term":[{"taxonomy":"product_brand","embeddable":true,"href":"https:\/\/ferfry.com\/en\/wp-json\/wp\/v2\/product_brand?post=411"},{"taxonomy":"product_cat","embeddable":true,"href":"https:\/\/ferfry.com\/en\/wp-json\/wp\/v2\/product_cat?post=411"},{"taxonomy":"product_tag","embeddable":true,"href":"https:\/\/ferfry.com\/en\/wp-json\/wp\/v2\/product_tag?post=411"}],"curies":[{"name":"wp","href":"https:\/\/api.w.org\/{rel}","templated":true}]}}